{"id":19,"date":"2025-08-10T05:41:44","date_gmt":"2025-08-10T05:41:44","guid":{"rendered":"https:\/\/tarotistadesdecasa.es\/?page_id=19"},"modified":"2026-02-18T06:36:24","modified_gmt":"2026-02-18T06:36:24","slug":"aviso-legal-politica-de-privacidad","status":"publish","type":"page","link":"https:\/\/tarotistadesdecasa.es\/index.php\/aviso-legal-politica-de-privacidad\/","title":{"rendered":"Aviso Legal\/Pol\u00edtica de Privacidad"},"content":{"rendered":"\n<h5 class=\"wp-block-heading\">Finalidad del tratamiento de datos: Aviso Legal \/ Protecci\u00f3n Datos.<\/h5>\n\n\n\n<p class=\"has-heading-color has-text-color has-link-color wp-elements-07d3f95b7533367229b0d7f74c34a69b\">Este sitio Web est\u00e1 bajo el Reglamento Europeo de Protecci\u00f3n de Datos (RGPD) y a la reciente Ley Org\u00e1nica 3\/2018, de 5 de diciembre, de Protecci\u00f3n de Datos Personales y garant\u00eda de los derechos digitales.<\/p>\n\n\n\n<p class=\"has-heading-color has-text-color has-link-color wp-elements-fda905d90f8e8fe5033edc7c74ed526c\"><strong>Titular:<\/strong>\u00a0Siramiguel S.L<\/p>\n\n\n\n<p><strong>CIF:<\/strong>\u00a0\u00a0B65604100<\/p>\n\n\n\n<p><strong>Domicilio:<\/strong>\u00a0Carretera de Balenya N\u00famero 7, C.P 08552 Taradell \u2013 Barcelona<\/p>\n\n\n\n<p class=\"has-heading-color has-text-color has-link-color wp-elements-b303ea52349115c6f3fe82299a5ea650\">Email: <strong><a href=\"mailto:info@tarotistadesdecasa.es\">info@tarotistadesdecasa.es<\/a><\/strong><\/p>\n\n\n\n<p class=\"has-heading-color has-text-color has-link-color wp-elements-b1d15e7fa02564e7eb4999d8f29578ef\">Las presentes Condiciones (en adelante denominado como Aviso Legal) tienen por objeto regular el uso de este sitio Web que su titular pone a disposici\u00f3n del p\u00fablico en la presente Url:&nbsp;<a href=\"https:\/\/tarotistadesdecasa.es\/\">https:\/\/tarotistadesdecasa.es\/<\/a><\/p>\n\n\n\n<p class=\"has-heading-color has-text-color has-link-color wp-elements-7f5be01f318ceb50c50d20d2433dea31\">La utilizaci\u00f3n del sitio Web por un tercero le atribuye la condici\u00f3n de Usuario y, supone la aceptaci\u00f3n plena por dicho Usuario, de todas y cada una de las condiciones que se incorporan en el presente Aviso Legal.<\/p>\n\n\n\n<p class=\"has-heading-color has-text-color has-link-color wp-elements-df13e78e3a181a74866e002d6c0da6ff\">El titular del Web puede ofrecer a trav\u00e9s del Web, servicios o productos que podr\u00e1n encontrarse sometidas a unas condiciones particulares propias que, seg\u00fan los casos, sustituyen, completan y\/o modifican las presentes Condiciones, y sobre las cuales se informar\u00e1 al Usuario en cada caso concreto.<\/p>\n\n\n\n<p class=\"has-heading-color has-text-color has-link-color wp-elements-9070ed5706d0b4f479947eed3b8105cb\">El Usuario se compromete a utilizar el Web, los contenidos y servicios de conformidad con la Ley, el presente Aviso Legal, las buenas costumbres y el orden p\u00fablico. Del mismo modo, el Usuario se obliga a no utilizar el Web o los servicios que se presten a trav\u00e9s de \u00e9l con fines o efectos il\u00edcitos o contrarios al contenido del presente Aviso Legal, lesivos de los intereses o derechos de terceros, o que de cualquier forma pueda da\u00f1ar, inutilizar o deteriorar el Web o sus servicios, o impedir un normal disfrute del Web por otros Usuarios.<\/p>\n\n\n\n<p class=\"has-heading-color has-text-color has-link-color wp-elements-eebfc13791479ae2f353dfa4d968d9e7\">Asimismo, el Usuario se compromete expresamente a no destruir, alterar, inutilizar o, de cualquier otra forma, da\u00f1ar los datos, programas o documentos electr\u00f3nicos y dem\u00e1s que se encuentren en la presente sitio Web.<\/p>\n\n\n\n<p class=\"has-heading-color has-text-color has-link-color wp-elements-97368f4ea8e9dcdeee9e4b7990710762\">El Usuario se compromete a no obstaculizar el acceso de otros usuarios al servicio de acceso mediante el consumo masivo de los recursos inform\u00e1ticos a trav\u00e9s de los cuales el titular del Web presta el servicio, as\u00ed como realizar acciones que da\u00f1en, interrumpan o generen errores en dichos sistemas.<\/p>\n\n\n\n<p class=\"has-heading-color has-text-color has-link-color wp-elements-bde67bb9d63f936a7063389d7c0d2586\">El Usuario se compromete a no introducir programas, virus, macros, applets, controles ActiveX o cualquier otro dispositivo l\u00f3gico o secuencia de caracteres que causen o sean susceptibles de causar cualquier tipo de alteraci\u00f3n en los sistemas inform\u00e1ticos del titular del Web o de terceros.<\/p>\n\n\n\n<p class=\"has-heading-color has-text-color has-link-color wp-elements-84b0abc4be6fb284ab9a9f9ea5f783e9\">Parte del Sitio web puede albergar contenidos publicitarios o estar patrocinado. Los anunciantes y patrocinadores son los \u00fanicos responsables de asegurarse que el material remitido para su inclusi\u00f3n en el Sitio web cumple con las leyes que en cada caso puedan ser de aplicaci\u00f3n. El titular del Web no ser\u00e1 responsable de cualquier error, inexactitud o irregularidad que puedan contener los contenidos publicitarios o de los patrocinadores.<\/p>\n\n\n\n<p class=\"has-heading-color has-text-color has-link-color wp-elements-98a09a529cd78dd581f5251836091888\">En todo caso, para interponer cualquier reclamaci\u00f3n relacionada con los Contenidos publicitarios insertados en este Sitio web pueden dirigirse a la siguiente direcci\u00f3n de correo electr\u00f3nico: solucionesolga@gmail.com<\/p>\n\n\n\n<p class=\"has-heading-color has-text-color has-link-color wp-elements-bb83197e5cfe0547135dd9e5a97b7fd5\">Todos los derechos de propiedad industrial e intelectual de este sitio Web y de las distintas p\u00e1ginas web pertenecientes al mismo, as\u00ed como de los elementos contenidos en el mismo y en sus p\u00e1ginas web (incluidos, con car\u00e1cter enunciativo que no limitativo, el dise\u00f1o gr\u00e1fico, c\u00f3digo fuente, logos, contenidos, im\u00e1genes, textos, gr\u00e1ficos, ilustraciones, fotograf\u00edas, bases de datos y dem\u00e1s elementos que aparecen en la Web), salvo que se indique lo contrario, son titularidad exclusiva del titular del Web o de terceros. En este sentido, el titular de este sitio Web hace expresa reserva de todos los derechos.<\/p>\n\n\n\n<p class=\"has-heading-color has-text-color has-link-color wp-elements-ae13cdf1a8691ce3a5c8c6bbc2e7bda2\">Igualmente, todos los nombres comerciales, dominios, marcas o signos distintivos de cualquier clase contenidos en el sitio Web y sus p\u00e1ginas webs, est\u00e1n protegidos por la Ley.<\/p>\n\n\n\n<p class=\"has-heading-color has-text-color has-link-color wp-elements-467a42f7775b1c415e9af24b8ac7192b\">El titular del Web no concede ning\u00fan tipo de licencia o autorizaci\u00f3n de uso p\u00fablico y\/o comercial al Usuario sobre sus derechos de propiedad intelectual e industrial o sobre cualquier otro derecho relacionado con este sitio Web, sus p\u00e1ginas webs y los servicios ofrecidos en las mismas. El Usuario \u00fanica y exclusivamente podr\u00e1 acceder a tales elementos y servicios para su uso personal y privado, quedando, por tanto, terminantemente prohibida la utilizaci\u00f3n de la totalidad o parte de los contenidos de este Web y p\u00e1ginas webs pertenecientes al mismo con prop\u00f3sitos p\u00fablicos o comerciales, su distribuci\u00f3n, comunicaci\u00f3n p\u00fablica, incluida la modalidad de puesta a disposici\u00f3n, as\u00ed como su modificaci\u00f3n, alteraci\u00f3n o descompilaci\u00f3n a no ser que para ello se cuente con el consentimiento expreso y por escrito del titular del Web.<\/p>\n\n\n\n<p class=\"has-heading-color has-text-color has-link-color wp-elements-1f9f08eafb3913f116c73b0b94f42d26\">Por ello, el Usuario reconoce que la reproducci\u00f3n, distribuci\u00f3n, comercializaci\u00f3n, transformaci\u00f3n, y en general, cualquier otra forma de explotaci\u00f3n, por cualquier procedimiento, de todo o parte de los contenidos de este sitio Web y sus p\u00e1ginas webs constituye una infracci\u00f3n de los derechos de propiedad intelectual y\/o industrial del titular del Web o de los titulares de los mismos.<\/p>\n\n\n\n<p class=\"has-heading-color has-text-color has-link-color wp-elements-33e7e1d0fd9e39a784b9c95f54229341\">Oposici\u00f3n al \u201cpress-clipping\u201d sin autorizaci\u00f3n:<\/p>\n\n\n\n<p class=\"has-heading-color has-text-color has-link-color wp-elements-a17bf9f687a62eec97cb5702a65ab726\">En particular, el titular del Web, editor de la publicaci\u00f3n peri\u00f3dica (diario o revista) objeto de este sitio Web, y titular de la totalidad de los derechos de car\u00e1cter patrimonial sobre dicha obra, se opone expresamente a la reproducci\u00f3n comercial de los contenidos de esta publicaci\u00f3n digital (entre otros, art\u00edculos period\u00edsticos, fotograf\u00edas, ilustraciones, columnas, clasificados, etc.) bajo la modalidad de revistas o recopilaciones de prensa (\u201cpress-clipping\u201d), a trav\u00e9s de cualquier procedimiento y soporte, sin contar con la autorizaci\u00f3n expresa y escrita de su editor, a los efectos de lo establecido en el art\u00edculo 32.1, p\u00e1rrafo segundo, de la Ley de Propiedad Intelectual.<\/p>\n\n\n\n<p class=\"has-heading-color has-text-color has-link-color wp-elements-3acead17cbe606794402f47cef3f79a5\">RESPONSABILIDAD POR EL USO DEL SITIO WEB<\/p>\n\n\n\n<p class=\"has-heading-color has-text-color has-link-color wp-elements-623d4a50c14a38c2bf79b013b1796086\">El Usuario es el \u00fanico responsable de las infracciones en las que pueda incurrir o de los perjuicios que pueda causar por la utilizaci\u00f3n del Web, quedando el titular del Web, sus socios, empresas del grupo, colaboradores, empleados y representantes, exonerados de cualquier clase de responsabilidad que se pudiera derivar por las acciones del Usuario.<\/p>\n\n\n\n<p class=\"has-heading-color has-text-color has-link-color wp-elements-e927ccfddf838da2c66a918cec2b8c9a\">El titular del Web emplear\u00e1 todos los esfuerzos y medios razonables para facilitar informaci\u00f3n actualizada y fehaciente en el Web, no obstante, el titular del Web no asume ninguna garant\u00eda en relaci\u00f3n con la ausencia de errores, o de posibles inexactitudes y\/u omisiones en ninguno de los contenidos accesibles a trav\u00e9s de este Web.<\/p>\n\n\n\n<p class=\"has-heading-color has-text-color has-link-color wp-elements-7df634957ed07fbb63c4fed5521c965d\">El Usuario es el \u00fanico responsable frente a cualquier reclamaci\u00f3n o acci\u00f3n legal, judicial o extrajudicial, iniciada por terceras personas contra el titular del Web basada en la utilizaci\u00f3n por el Usuario del Web. En su caso, el Usuario asumir\u00e1 cuantos gastos, costes e indemnizaciones sean irrogados al titular del Web con motivo de tales reclamaciones o acciones legales.<\/p>\n\n\n\n<p class=\"has-heading-color has-text-color has-link-color wp-elements-eb7b4baab0a187b41587845e7a5c6b2d\">RESPONSABILIDAD POR EL FUNCIONAMIENTO DEL WEB<\/p>\n\n\n\n<p class=\"has-heading-color has-text-color has-link-color wp-elements-4c5b7a43c031fb8e73fcbf4d456092bd\">El titular del Web excluye toda responsabilidad que se pudiera derlivar de interferencias, omisiones, interrupciones, virus inform\u00e1ticos, aver\u00edas telef\u00f3nicas o desconexiones en el funcionamiento operativo del sistema electr\u00f3nico, motivado por causas ajenas al titular del Web.<\/p>\n\n\n\n<p class=\"has-heading-color has-text-color has-link-color wp-elements-b7703d91af19a0eb4bb2ca7a2ff40bf3\">Asimismo, el titular del Web tambi\u00e9n excluye cualquier responsabilidad que pudiera derivarse por retrasos o bloqueos en el funcionamiento operativo de este sistema electr\u00f3nico causado por deficiencias o sobre carga en las l\u00edneas telef\u00f3nicas o en Internet, as\u00ed como de da\u00f1os causados por terceras personas mediante intromisiones ilegitimas fuera del control del titular del Web.<\/p>\n\n\n\n<p class=\"has-heading-color has-text-color has-link-color wp-elements-f82556311f6d48953fb581be09939564\">El titular del Web est\u00e1 facultado para suspender temporalmente, y sin previo aviso, la accesibilidad al Web con motivo de operaciones de mantenimiento, reparaci\u00f3n, actualizaci\u00f3n o mejora.<\/p>\n\n\n\n<p class=\"has-heading-color has-text-color has-link-color wp-elements-6ff75e33a164e9a49a3d0ea770e9b6b2\">RESPONSABILIDAD POR LINKS<\/p>\n\n\n\n<p class=\"has-heading-color has-text-color has-link-color wp-elements-254f4ee55d160e25ce48ed2b05a216a3\">Los enlaces o links contenidos en el Web y las p\u00e1ginas webs pertenecientes al mismo pueden conducir al Usuario a otros Webs gestionados por terceros.<\/p>\n\n\n\n<p class=\"has-heading-color has-text-color has-link-color wp-elements-241b1fe53f7fdf0e3fd95354db5d64ec\">El titular del Web declina cualquier responsabilidad respecto a la informaci\u00f3n que se halle fuera del Web y sus p\u00e1ginas webs, ya que la funci\u00f3n de los links que aparecen es \u00fanicamente la de informar al Usuario sobre la existencia de otras fuentes de informaci\u00f3n sobre un tema en concreto.<\/p>\n\n\n\n<p class=\"has-heading-color has-text-color has-link-color wp-elements-7df216d560023cc499290fe103de39fa\">El titular del Web queda exonerado de toda responsabilidad por el correcto funcionamiento de tales enlaces, del resultado obtenido a trav\u00e9s de dichos enlaces, de la veracidad y licitud del contenido o informaci\u00f3n a la que se puede acceder, as\u00ed como de los perjuicios que pueda sufrir el Usuario en virtud de la informaci\u00f3n encontrada en la Web enlazada.<\/p>\n\n\n\n<p class=\"has-heading-color has-text-color has-link-color wp-elements-aca8c7a1634b817abc5c40d940644284\">A TRAV\u00c9S DE FORMULARIOS<\/p>\n\n\n\n<p class=\"has-heading-color has-text-color has-link-color wp-elements-969c1c9ddce5b66493c10b81c6784160\">Sin perjuicio de lo previsto en lo indicado en cada uno de los formularios del sitio Web y sus p\u00e1ginas webs, cuando el Usuario facilite sus datos de car\u00e1cter personal est\u00e1 autorizando expresamente al titular del Web al tratamiento de sus Datos Personales para las finalidades que en los mismos se indiquen. El titular del Web incorporar\u00e1 los datos facilitados por el Usuario en un fichero titularidad del mismo debidamente comunicado a la Agencia de Protecci\u00f3n de Datos.<\/p>\n\n\n\n<p class=\"has-heading-color has-text-color has-link-color wp-elements-f2c4c0792d350ccc05d370a016a3be4d\">El Usuario o su representante podr\u00e1 ejercitar sus derechos de acceso, rectificaci\u00f3n, cancelaci\u00f3n u oposici\u00f3n, mediante solicitud escrita y firmada dirigida al domicilio indicado en el apartado \u201cQui\u00e9nes somos\u201d del presente Web.<\/p>\n\n\n\n<p class=\"has-heading-color has-text-color has-link-color wp-elements-967bd1150c2ff06d0ccd46e5ff8c0962\">A TRAV\u00c9S DE COOKIES<\/p>\n\n\n\n<p class=\"has-heading-color has-text-color has-link-color wp-elements-2fcf85bb650b3515675dc5313d0fe8c9\">Este Web utiliza cookies. Los cookies son peque\u00f1os ficheros de datos que se generan en el ordenador del usuario y que nos permiten conocer la siguiente informaci\u00f3n:<\/p>\n\n\n\n<p class=\"has-heading-color has-text-color has-link-color wp-elements-5614414762d8e2c9fa2911748114b339\">La fecha y la hora de la \u00faltima vez que el usuario visit\u00f3 nuestro Web.<br>El dise\u00f1o de contenidos que el usuario escogi\u00f3 en su primera vista a nuestro Web.<br>Elementos de seguridad que intervienen en el control de acceso a las \u00e1reas restringidas.<br>El identificador encriptado del usuario en nuestra base de datos<br>El login del usuario<br>La fecha del servidor y la fecha local del cliente<br>El idioma por defecto de la publicaci\u00f3n<br>El Usuario tiene la opci\u00f3n de impedir la generaci\u00f3n de cookies, mediante la selecci\u00f3n de la correspondiente opci\u00f3n en su programa Navegador.<\/p>\n\n\n\n<p class=\"has-heading-color has-text-color has-link-color wp-elements-5a25b0013dcea251d34ced5467e632b0\">CONFIDENCIALIDAD<\/p>\n\n\n\n<p class=\"has-heading-color has-text-color has-link-color wp-elements-7ff21da715c9544897727ab546dfa87c\">El titular del Web se compromete al cumplimiento de su obligaci\u00f3n de secreto de los datos de car\u00e1cter personal y de su deber de guardarlos de forma confidencial y adoptar\u00e1 las medidas necesarias para evitar su alteraci\u00f3n, p\u00e9rdida, tratamiento o acceso no autorizado, habida cuenta en todo momento del estado de la tecnolog\u00eda.<\/p>\n\n\n\n<p class=\"has-heading-color has-text-color has-link-color wp-elements-438857759598657568be8af4fca6bde6\">El Usuario garantiza que la informaci\u00f3n, material, contenidos u observaciones que no sean sus propios datos personales y que sean facilitados al titular del Web a trav\u00e9s del Web, no infringen los derechos de propiedad intelectual o industrial de terceros, ni ninguna otra disposici\u00f3n legal.<\/p>\n\n\n\n<p class=\"has-heading-color has-text-color has-link-color wp-elements-a94ea780e951af9643d65d31a9bec0bd\">La informaci\u00f3n, materiales, contenidos, opiniones u observaciones que el Usuario facilite al titular del Web, se considerar\u00e1n no confidenciales, reserv\u00e1ndose el titular del Web el derecho a usarlas de la forma que considere m\u00e1s adecuada.<\/p>\n\n\n\n<p class=\"has-heading-color has-text-color has-link-color wp-elements-9c5770678f22531c20cf00415fc98675\">El titular del Web se reserva el derecho a modificar, desarrollar o actualizar en cualquier momento y sin previa notificaci\u00f3n, las condiciones de uso del presente Web. El Usuario quedar\u00e1 obligado autom\u00e1ticamente por las condiciones de uso que se hallen vigentes en el momento en que acceda al Web, por lo que deber\u00e1 leer peri\u00f3dicamente dichas condiciones de uso.<\/p>\n\n\n\n<p class=\"has-heading-color has-text-color has-link-color wp-elements-bf8ab977358ab36abdb0a69597a64ee4\">Todas las controversias o reclamaciones surgidas de la interpretaci\u00f3n o ejecuci\u00f3n del presente Aviso Legal se regir\u00e1n por la legislaci\u00f3n espa\u00f1ola, y se someter\u00e1n a la jurisdicci\u00f3n de los Juzgados y Tribunales del domicilio del titular del Web.<\/p>\n","protected":false},"excerpt":{"rendered":"<p>Finalidad del tratamiento de datos: Aviso Legal \/ Protecci\u00f3n Datos. Este sitio Web est\u00e1 bajo el Reglamento Europeo de Protecci\u00f3n de Datos (RGPD) y a la reciente Ley Org\u00e1nica 3\/2018, de 5 de diciembre, de Protecci\u00f3n de Datos Personales y garant\u00eda de los derechos digitales. Titular:\u00a0Siramiguel S.L CIF:\u00a0\u00a0B65604100 Domicilio:\u00a0Carretera de Balenya N\u00famero 7, C.P 08552 [&hellip;]<\/p>\n","protected":false},"author":1,"featured_media":0,"parent":0,"menu_order":0,"comment_status":"closed","ping_status":"closed","template":"","meta":{"footnotes":""},"class_list":["post-19","page","type-page","status-publish","hentry"],"_links":{"self":[{"href":"https:\/\/tarotistadesdecasa.es\/index.php\/wp-json\/wp\/v2\/pages\/19","targetHints":{"allow":["GET"]}}],"collection":[{"href":"https:\/\/tarotistadesdecasa.es\/index.php\/wp-json\/wp\/v2\/pages"}],"about":[{"href":"https:\/\/tarotistadesdecasa.es\/index.php\/wp-json\/wp\/v2\/types\/page"}],"author":[{"embeddable":true,"href":"https:\/\/tarotistadesdecasa.es\/index.php\/wp-json\/wp\/v2\/users\/1"}],"replies":[{"embeddable":true,"href":"https:\/\/tarotistadesdecasa.es\/index.php\/wp-json\/wp\/v2\/comments?post=19"}],"version-history":[{"count":0,"href":"https:\/\/tarotistadesdecasa.es\/index.php\/wp-json\/wp\/v2\/pages\/19\/revisions"}],"wp:attachment":[{"href":"https:\/\/tarotistadesdecasa.es\/index.php\/wp-json\/wp\/v2\/media?parent=19"}],"curies":[{"name":"wp","href":"https:\/\/api.w.org\/{rel}","templated":true}]}}