{"id":23,"date":"2025-08-10T05:46:50","date_gmt":"2025-08-10T05:46:50","guid":{"rendered":"https:\/\/tarotistadesdecasa.es\/?page_id=23"},"modified":"2025-08-10T05:57:27","modified_gmt":"2025-08-10T05:57:27","slug":"politica-de-cookies","status":"publish","type":"page","link":"https:\/\/tarotistadesdecasa.es\/index.php\/politica-de-cookies\/","title":{"rendered":"Pol\u00edtica de Cookies"},"content":{"rendered":"\n<p class=\"has-heading-color has-text-color has-link-color wp-elements-23e26ffb170f595fec0fc858ebf8ed0d\"><strong>Pol\u00edtica de cookies<\/strong><br>Este web utiliza \u2018cookies\u2019 propias y de terceros para ofrecerle una mejor experiencia y servicio. Al navegar o utilizar nuestros servicios el usuario acepta el uso que hacemos de las \u2018cookies\u2019. Sin embargo, el usuario tiene la opci\u00f3n de impedir la generaci\u00f3n de \u2018cookies\u2019 y la eliminaci\u00f3n de las mismas mediante la selecci\u00f3n de la correspondiente opci\u00f3n en su navegador. En caso de bloquear el uso de \u2018cookies\u2019 en su navegador es posible que algunos servicios o funcionalidades de la p\u00e1gina web no est\u00e9n disponibles.<\/p>\n\n\n\n<p class=\"has-heading-color has-text-color has-link-color wp-elements-5af184675a982a8cc722f48bade850a4\"><strong>\u00bfQu\u00e9 es una \u2018cookie\u2019?<\/strong><\/p>\n\n\n\n<p class=\"has-heading-color has-text-color has-link-color wp-elements-1f2244a589cecd1a17c33917393c1a83\">Una \u2018cookie\u2019 es un peque\u00f1o fragmento de texto que los sitios web env\u00edan al navegador y que se almacenan en el terminal del usuario, el cual puede ser un ordenador personal, un tel\u00e9fono m\u00f3vil, una tableta, etc. Estos archivos permiten que el sitio web recuerde informaci\u00f3n sobre su visita, como el idioma y las opciones preferidas, lo que puede facilitar su pr\u00f3xima visita y hacer que el sitio resulte m\u00e1s \u00fatil al personalizar su contenido. Las \u2018cookies\u2019 desempe\u00f1an un papel muy importante, al mejorar la experiencia del uso de la web.<\/p>\n\n\n\n<p class=\"has-heading-color has-text-color has-link-color wp-elements-529acf7e79c1c45186da6ee5f00a0310\"><strong>\u00bfC\u00f3mo se utilizan las \u2018cookies\u2019?<\/strong><\/p>\n\n\n\n<p class=\"has-heading-color has-text-color has-link-color wp-elements-b3ce4940548c6a6c29c6f7ef736ac9e2\">Al navegar por este portal web el usuario est\u00e1 aceptando que se puedan instalar \u2018cookies\u2019 en su terminal y que nos permiten conocer la siguiente informaci\u00f3n:<\/p>\n\n\n\n<p class=\"has-heading-color has-text-color has-link-color wp-elements-39e9226559e98ec4ff531734a027644b\">Informaci\u00f3n estad\u00edstica del uso de la web.<br>El \u2018login\u2019 del usuario para mantener la sesi\u00f3n activa en la web.<br>El formato de la web preferente en el acceso desde dispositivos m\u00f3viles.<br>Las \u00faltimas b\u00fasquedas realizadas en los servicios de la web y datos de personalizaci\u00f3n de estos servicios.<br>Informaci\u00f3n sobre los anuncios que se muestran al usuario.<br>Informaci\u00f3n de las encuestas en las que ha participado el usuario.<br>Datos de la conexi\u00f3n con las redes sociales para los usuarios que acceden con su usuario de Facebook o Twitter.<br>Tipos de \u2018cookies\u2019 utilizadas<\/p>\n\n\n\n<p class=\"has-heading-color has-text-color has-link-color wp-elements-6f293045f7d8ec32f9aa0fc95ac6e82c\">Esta web utiliza tanto \u2018cookies\u2019 temporales de sesi\u00f3n como \u2018cookies\u2019 permanentes. Las \u2018cookies\u2019 de sesi\u00f3n almacenan datos \u00fanicamente mientras el usuario accede a la web y las \u2018cookies\u2019 permanentes almacenan los datos en el terminal para que sean accedidos y utilizados en m\u00e1s de una sesi\u00f3n.<\/p>\n\n\n\n<p class=\"has-heading-color has-text-color has-link-color wp-elements-d18a17158ee5d09c716ceecc9881855a\">Seg\u00fan la finalidad para la que se traten los datos obtenidos a trav\u00e9s de las \u2018cookies\u2019, el web puede utilizar:<\/p>\n\n\n\n<p class=\"has-heading-color has-text-color has-link-color wp-elements-2a6d4db7485a5a47b496f0d1acf60403\"><strong>\u2018Cookies\u2019 t\u00e9cnicas<\/strong><\/p>\n\n\n\n<p class=\"has-heading-color has-text-color has-link-color wp-elements-a01237f2bddf7879e86c936dfa599f04\">Son aqu\u00e9llas que permiten al usuario la navegaci\u00f3n a trav\u00e9s de la p\u00e1gina web o aplicaci\u00f3n y la utilizaci\u00f3n de las diferentes opciones o servicios que en ella existen. Por ejemplo, controlar el tr\u00e1fico y la comunicaci\u00f3n de datos, identificar la sesi\u00f3n, acceder a las partes web de acceso restringido, recordar los elementos que integran un pedido, realizar la solicitud de inscripci\u00f3n o participaci\u00f3n en un evento, utilizar elementos de seguridad durante la navegaci\u00f3n y almacenar contenidos para la difusi\u00f3n de videos o sonido.<\/p>\n\n\n\n<p class=\"has-heading-color has-text-color has-link-color wp-elements-789be11bb035fafb7efa25070f5a1d7c\"><strong>\u2018Cookies\u2019 de personalizaci\u00f3n<\/strong><\/p>\n\n\n\n<p class=\"has-heading-color has-text-color has-link-color wp-elements-7cad4e8994d040e1fe7395774ff7b777\">Son aqu\u00e9llas que permiten al usuario acceder al servicio con algunas caracter\u00edsticas de car\u00e1cter general predefinidas en su terminal o que el propio usuario defina. Por ejemplo, el idioma, el tipo de navegador a trav\u00e9s del cual accede al servicio, el dise\u00f1o de contenidos seleccionado, geolocalizaci\u00f3n del terminal y la configuraci\u00f3n regional desde donde se accede al servicio.<\/p>\n\n\n\n<p class=\"has-heading-color has-text-color has-link-color wp-elements-7b1593d58071725a6d1fddb3db8c8b2c\"><strong>\u2018Cookies\u2019 publicitarias<\/strong><\/p>\n\n\n\n<p class=\"has-heading-color has-text-color has-link-color wp-elements-6edfbdc76704e1b1a5b52ba446210786\">Son aqu\u00e9llas que permiten la gesti\u00f3n eficaz de los espacios publicitarios que se han incluido en la p\u00e1gina web o aplicaci\u00f3n desde la que se presta el servicio. Permiten adecuar el contenido de la publicidad para que esta sea relevante para el usuario y para evitar mostrar anuncios que el usuario ya haya visto.<\/p>\n\n\n\n<p class=\"has-heading-color has-text-color has-link-color wp-elements-9b8c154c936ea3ccf4949788889f2cb3\"><strong>\u2018Cookies\u2019 de an\u00e1lisis estad\u00edstico<\/strong><\/p>\n\n\n\n<p class=\"has-heading-color has-text-color has-link-color wp-elements-ad3911e0982d90fd655f6423ec035d04\">Son aqu\u00e9llas que permiten realizar el seguimiento y an\u00e1lisis del comportamiento de los usuarios en los sitios web. La informaci\u00f3n recogida mediante este tipo de \u2018cookies\u2019 se utiliza en la medici\u00f3n de la actividad de los sitios web, aplicaci\u00f3n o plataforma y para la elaboraci\u00f3n de perfiles de navegaci\u00f3n de los usuarios de dichos sitios, con el fin de introducir mejoras en el servicio en funci\u00f3n de los datos de uso que hacen los usuarios.<\/p>\n\n\n\n<p class=\"has-heading-color has-text-color has-link-color wp-elements-09fc9690f779252edfea9c3beaf8ae48\"><strong>\u2018Cookies\u2019 de terceros<\/strong><\/p>\n\n\n\n<p class=\"has-heading-color has-text-color has-link-color wp-elements-8ccbbeabed3af9275f02a04dad8ea22c\">En algunas p\u00e1ginas web se pueden instalar \u2018cookies\u2019 de terceros que permiten gestionar y mejorar los servicios ofrecidos. Como por ejemplo, servicios estad\u00edsticos de Google Analytics y Comscore.<\/p>\n\n\n\n<p class=\"has-heading-color has-text-color has-link-color wp-elements-a3c9a15f3d1ced50bc32251fc00a8953\"><strong>\u00bfC\u00f3mo administrar \u2018cookies\u2019 en el navegador?<\/strong><\/p>\n\n\n\n<p class=\"has-heading-color has-text-color has-link-color wp-elements-e3efd11c6adb1bc0bd2c590df0a51154\">El usuario tiene la opci\u00f3n de permitir, bloquear o eliminar las \u2018cookies\u2019 instaladas en su equipo mediante la configuraci\u00f3n de las opciones del navegador instalado en su terminal:<\/p>\n\n\n\n<p class=\"has-heading-color has-text-color has-link-color wp-elements-3d6d13ff89e9e0871b01f083f02b2c05\">Para ajustar los permisos relacionados con las \u2018cookies\u2019 en el navegador Google Chrome:<\/p>\n\n\n\n<p class=\"has-heading-color has-text-color has-link-color wp-elements-158490640b40cbb9ce3b3f675ac01a4f\">Hacer clic en el men\u00fa situado en la barra de herramientas.<br>Seleccionar Configuraci\u00f3n.<br>Hacer clic en Mostar opciones avanzadas.<br>En la secci\u00f3n \u2018Privacidad\u2019 hacer clic en el bot\u00f3n Configuraci\u00f3n de contenido.<br>En la secci\u00f3n de \u2018Cookies\u2019 se pueden configurar las opciones.<br>M\u00e1s informaci\u00f3n sobre Google Chrome<\/p>\n\n\n\n<p class=\"has-heading-color has-text-color has-link-color wp-elements-1209ebac56057082f09225a86891ffb9\">Para ajustar los permisos relacionados con las \u2018cookies\u2019 en el navegador Mozilla Firefox:<\/p>\n\n\n\n<p class=\"has-heading-color has-text-color has-link-color wp-elements-dac0c7c23d8b94793d45b34b78b74346\">En la parte superior de la ventana de Firefox hacer clic en el men\u00fa Herramientas.<br>Seleccionar Opciones.<br>Seleccionar el panel Privacidad.<br>En la opci\u00f3n Firefox podr\u00e1 elegir Usar una configuraci\u00f3n personalizada para el historial para configurar las opciones.<br>M\u00e1s informaci\u00f3n sobre Mozilla Firefox<\/p>\n\n\n\n<p class=\"has-heading-color has-text-color has-link-color wp-elements-6b426e1ba4fd93425780cf990e9c87aa\">Para ajustar los permisos relacionados con las \u2018cookies\u2019 en el navegador Internet Explorer 9:<\/p>\n\n\n\n<p class=\"has-heading-color has-text-color has-link-color wp-elements-78e77197fdbc8413bc889a227e8590c3\">En la parte superior de la ventana de Internet Explorer hacer clic en el men\u00fa Herramientas.<br>Seleccionar la pesta\u00f1a de Seguridad y utilizar la opci\u00f3n Eliminar el historial de exploraci\u00f3n para eliminar las \u2018cookies\u2019. Activar la casilla \u2018Cookies\u2019 y, a continuaci\u00f3n, hacer clic en Eliminar.<br>Seleccionar la pesta\u00f1a de Seguridad y acceder a Configuraci\u00f3n. Mover el control deslizante totalmente hacia arriba para bloquear todas las \u2018cookies\u2019 o totalmente hacia abajo para permitir todas las \u2018cookies\u2019. Tras ello, hacer clic en Aceptar.<br>M\u00e1s informaci\u00f3n sobre Internet Explorer 9<\/p>\n\n\n\n<p class=\"has-heading-color has-text-color has-link-color wp-elements-be176506a9624b312a1e3cd1db5e4721\">En caso de bloquear el uso de \u2018cookies\u2019 en su navegador es posible que algunos servicios o funcionalidades de la p\u00e1gina web no est\u00e9n disponibles.<\/p>\n\n\n\n<p class=\"has-heading-color has-text-color has-link-color wp-elements-f7c1181db9766d6801d87368a43cdc9a\">En algunos navegadores se pueden configurar reglas espec\u00edficas para administrar \u2018cookies\u2019 por sitio web, lo que ofrece un control m\u00e1s preciso sobre la privacidad. Esto significa que se puede inhabilitar \u2018cookies\u2019 de todos los sitios salvo de aquellos en los que se conf\u00ede.<br><strong>Informaci\u00f3n adicional.<\/strong> Puedes consultar la informaci\u00f3n adicional y detallada sobre protecci\u00f3n de datos en nuestra p\u00e1gina de pol\u00edtica de privacidad.<\/p>\n","protected":false},"excerpt":{"rendered":"<p>Pol\u00edtica de cookiesEste web utiliza \u2018cookies\u2019 propias y de terceros para ofrecerle una mejor experiencia y servicio. Al navegar o utilizar nuestros servicios el usuario acepta el uso que hacemos de las \u2018cookies\u2019. Sin embargo, el usuario tiene la opci\u00f3n de impedir la generaci\u00f3n de \u2018cookies\u2019 y la eliminaci\u00f3n de las mismas mediante la selecci\u00f3n [&hellip;]<\/p>\n","protected":false},"author":1,"featured_media":0,"parent":0,"menu_order":0,"comment_status":"closed","ping_status":"closed","template":"","meta":{"footnotes":""},"class_list":["post-23","page","type-page","status-publish","hentry"],"_links":{"self":[{"href":"https:\/\/tarotistadesdecasa.es\/index.php\/wp-json\/wp\/v2\/pages\/23","targetHints":{"allow":["GET"]}}],"collection":[{"href":"https:\/\/tarotistadesdecasa.es\/index.php\/wp-json\/wp\/v2\/pages"}],"about":[{"href":"https:\/\/tarotistadesdecasa.es\/index.php\/wp-json\/wp\/v2\/types\/page"}],"author":[{"embeddable":true,"href":"https:\/\/tarotistadesdecasa.es\/index.php\/wp-json\/wp\/v2\/users\/1"}],"replies":[{"embeddable":true,"href":"https:\/\/tarotistadesdecasa.es\/index.php\/wp-json\/wp\/v2\/comments?post=23"}],"version-history":[{"count":0,"href":"https:\/\/tarotistadesdecasa.es\/index.php\/wp-json\/wp\/v2\/pages\/23\/revisions"}],"wp:attachment":[{"href":"https:\/\/tarotistadesdecasa.es\/index.php\/wp-json\/wp\/v2\/media?parent=23"}],"curies":[{"name":"wp","href":"https:\/\/api.w.org\/{rel}","templated":true}]}}